{"id":3456,"date":"2023-09-19T09:29:54","date_gmt":"2023-09-19T07:29:54","guid":{"rendered":"https:\/\/kroll-languages.de\/katalanisch\/"},"modified":"2023-09-19T09:52:55","modified_gmt":"2023-09-19T07:52:55","slug":"catalan","status":"publish","type":"page","link":"https:\/\/kroll-languages.de\/en\/catalan\/","title":{"rendered":"Catalan"},"content":{"rendered":"\n<style type=\"text\/css\" data-created_by=\"avia_inline_auto\" id=\"style-css-av-l61zea0a-fd753256eb025e081a2a3ab670a00c98\">\n.avia-section.av-l61zea0a-fd753256eb025e081a2a3ab670a00c98{\nbackground-repeat:no-repeat;\nbackground-image:url(https:\/\/kroll-languages.de\/wp-content\/uploads\/2023\/09\/Katalanisch_Flagge.jpg);\nbackground-position:50% 50%;\nbackground-attachment:scroll;\n}\n.avia-section.av-l61zea0a-fd753256eb025e081a2a3ab670a00c98 .av-section-color-overlay{\nopacity:0.3;\nbackground-color:#041177;\n}\n<\/style>\n<div id='av_section_1'  class='avia-section av-l61zea0a-fd753256eb025e081a2a3ab670a00c98 main_color avia-section-default avia-no-border-styling  avia-builder-el-0  el_before_av_section  avia-builder-el-first  avia-full-stretch avia-bg-style-scroll av-section-color-overlay-active av-minimum-height av-minimum-height-50 av-height-50  av-section-with-video-bg container_wrap fullsize'  data-section-bg-repeat='stretch' data-av_minimum_height_pc='50' data-av_min_height_opt='50' data-section-video-ratio='1920:540'><div  class='avia-slideshow av_slideshow_obj-1-69e76c04a1041 avia-slideshow-featured av_slideshow avia-slide-slider av-slideshow-ui av-control-default av-slideshow-manual av-loop-once av-loop-manual-endless av-default-height-applied  av-section-video-bg avia-slideshow-1' data-slideshow-options=\"{&quot;animation&quot;:&quot;slide&quot;,&quot;autoplay&quot;:false,&quot;loop_autoplay&quot;:&quot;once&quot;,&quot;interval&quot;:5,&quot;loop_manual&quot;:&quot;manual-endless&quot;,&quot;autoplay_stopper&quot;:false,&quot;noNavigation&quot;:false,&quot;bg_slider&quot;:false,&quot;keep_padding&quot;:false,&quot;hoverpause&quot;:false,&quot;show_slide_delay&quot;:0}\"  itemprop=\"image\" itemscope=\"itemscope\" itemtype=\"https:\/\/schema.org\/ImageObject\" ><ul class='avia-slideshow-inner ' style='padding-bottom: 28.6666666667%;'><li  data-controls='disabled' data-mute='aviaTBaviaTBvideo_mute' data-loop='1' data-disable-autoplay=''  data-video-ratio='3.55555555556' class='avia-slideshow-slide av_slideshow_obj-1-69e76c04a1041__0  av-video-slide  av-video-service-html5  av-hide-video-controls av-mute-video av-loop-video  av-single-slide slide-1 slide-odd'><div data-rel='slideshow-1' class='avia-slide-wrap '    itemprop=\"video\" itemtype=\"https:\/\/schema.org\/VideoObject\" ><div class='av-click-overlay'><\/div><video class='avia_video'  autoplay playsinline loop preload=\"metadata\" muted  id='player_3456_868060011_1096091442'><source src=\"https:\/\/kroll-languages.de\/wp-content\/uploads\/2023\/09\/Katalanisch_Flagge-1.mp4\" type=\"video\/mp4\" \/><\/video><div class=\"av-click-to-play-overlay\"><div class=\"avia_playpause_icon\"><\/div><\/div><\/div><\/li><\/ul><\/div><div class=\"av-section-color-overlay-wrap\"><div class=\"av-section-color-overlay\"><\/div><a href='#next-section' title='' class='scroll-down-link ' aria-hidden='true' data-av_icon='\ue877' data-av_iconfont='entypo-fontello'><\/a><div class='container av-section-cont-open' ><main  role=\"main\" itemprop=\"mainContentOfPage\"  class='template-page content  av-content-full alpha units'><div class='post-entry post-entry-type-page post-entry-3456'><div class='entry-content-wrapper clearfix'>\n<div  class='flex_column av-k5k1y-a92429d5cb3f7b967b40c21831851ccc av_one_full  avia-builder-el-1  avia-builder-el-no-sibling  section1_title first flex_column_div  '     ><style type=\"text\/css\" data-created_by=\"avia_inline_auto\" id=\"style-css-av-l622rff2-f4ce16a98ae29c26f1c30992bf5f13ec\">\n#top .av_textblock_section.av-l622rff2-f4ce16a98ae29c26f1c30992bf5f13ec .avia_textblock{\ncolor:#ffffff;\n}\n<\/style>\n<section  class='av_textblock_section av-l622rff2-f4ce16a98ae29c26f1c30992bf5f13ec '   itemscope=\"itemscope\" itemtype=\"https:\/\/schema.org\/CreativeWork\" ><div class='avia_textblock av_inherit_color'  itemprop=\"text\" ><p style=\"text-align: center; font-size: 60px; font-weight: 600; line-height: 60px; margin-top: 0px;\"><strong>Catalan<\/strong><\/p>\n<\/div><\/section><br \/>\n\n<style type=\"text\/css\" data-created_by=\"avia_inline_auto\" id=\"style-css-av-h5uqm-89a6eb8a9ee1260b41e1b59cb86575fb\">\n#top .hr.av-h5uqm-89a6eb8a9ee1260b41e1b59cb86575fb{\nmargin-top:40px;\nmargin-bottom:40px;\n}\n.hr.av-h5uqm-89a6eb8a9ee1260b41e1b59cb86575fb .hr-inner{\nwidth:100px;\nborder-color:#ffffff;\n}\n<\/style>\n<div  class='hr av-h5uqm-89a6eb8a9ee1260b41e1b59cb86575fb hr-custom  avia-builder-el-3  el_after_av_textblock  avia-builder-el-last  av-medium-hide av-small-hide av-mini-hide hr-center hr-icon-no'><span class='hr-inner inner-border-av-border-fat'><span class=\"hr-inner-style\"><\/span><\/span><\/div><\/p><\/div>\n\n<\/div><\/div><\/main><!-- close content main element --><\/div><\/div><\/div><div id='av_section_2'  class='avia-section av-l621n4au-452855f137276c23698484b04c45e205 main_color avia-section-huge avia-no-border-styling  avia-builder-el-4  el_after_av_section  el_before_av_section  avia-bg-style-scroll container_wrap fullsize'  ><div class='container av-section-cont-open' ><div class='template-page content  av-content-full alpha units'><div class='post-entry post-entry-type-page post-entry-3456'><div class='entry-content-wrapper clearfix'>\n\n<style type=\"text\/css\" data-created_by=\"avia_inline_auto\" id=\"style-css-av-smvke-25ba663c0c5cf22090550d847f065279\">\n.flex_column.av-smvke-25ba663c0c5cf22090550d847f065279{\nwidth:48%;\n}\n<\/style>\n<div  class='flex_column av-smvke-25ba663c0c5cf22090550d847f065279 av_one_half  avia-builder-el-5  el_before_av_one_half  avia-builder-el-first  first flex_column_div av-animated-generic bottom-to-top  '     ><p>\n<style type=\"text\/css\" data-created_by=\"avia_inline_auto\" id=\"style-css-av-jb226-6fdd1333e5b7695f386a635948d6eac3\">\n#top .av-special-heading.av-jb226-6fdd1333e5b7695f386a635948d6eac3{\nmargin:0 0 30px 0;\npadding-bottom:0;\n}\nbody .av-special-heading.av-jb226-6fdd1333e5b7695f386a635948d6eac3 .av-special-heading-tag .heading-char{\nfont-size:25px;\n}\n.av-special-heading.av-jb226-6fdd1333e5b7695f386a635948d6eac3 .av-subheading{\nfont-size:15px;\n}\n<\/style>\n<div  class='av-special-heading av-jb226-6fdd1333e5b7695f386a635948d6eac3 av-special-heading-h1 blockquote modern-quote  avia-builder-el-6  el_before_av_textblock  avia-builder-el-first '><h1 class='av-special-heading-tag '  itemprop=\"headline\"  >Interpreter for Catalan from Kroll Languages<\/h1><div class=\"special-heading-border\"><div class=\"special-heading-inner-border\"><\/div><\/div><\/div><br \/>\n<section  class='av_textblock_section av-dc0jq-52c496fc5c7b0cf390715f02d0bf66df '   itemscope=\"itemscope\" itemtype=\"https:\/\/schema.org\/CreativeWork\" ><div class='avia_textblock'  itemprop=\"text\" ><p>Use the certified quality Catalan interpreters from the Kroll Languages network. Catalan is spoken by over nine million speakers worldwide. It is the only official language in Andorra and, along with Spanish, the official language in Catalonia, Valencia, and the Balearic Islands. It is also spoken in the Autonomous Communities of Murcia and Aragon, as well as in Italy (Alghero in Sardinia) and France (Roussillon, nowadays: D\u00e9partement Pyr\u00e9n\u00e9es Orientales).<\/p>\n<\/div><\/section><\/p><\/div>\n<style type=\"text\/css\" data-created_by=\"avia_inline_auto\" id=\"style-css-av-9jec6-694be3e05cceeca6656d6b662dbdb1bf\">\n.flex_column.av-9jec6-694be3e05cceeca6656d6b662dbdb1bf{\nwidth:48%;\nmargin-left:4%;\n}\n<\/style>\n<div  class='flex_column av-9jec6-694be3e05cceeca6656d6b662dbdb1bf av_one_half  avia-builder-el-8  el_after_av_one_half  avia-builder-el-last  flex_column_div  '     ><style type=\"text\/css\" data-created_by=\"avia_inline_auto\" id=\"style-css-av-l621wimw-bb1e0a562df9a1bc9eca6cc839503455\">\n.avia-image-container.av-l621wimw-bb1e0a562df9a1bc9eca6cc839503455 img.avia_image{\nbox-shadow:none;\n}\n.avia-image-container.av-l621wimw-bb1e0a562df9a1bc9eca6cc839503455 .av-image-caption-overlay-center{\ncolor:#ffffff;\n}\n<\/style>\n<div  class='avia-image-container av-l621wimw-bb1e0a562df9a1bc9eca6cc839503455 av-styling- avia-align-center  avia-builder-el-9  avia-builder-el-no-sibling '   itemprop=\"image\" itemscope=\"itemscope\" itemtype=\"https:\/\/schema.org\/ImageObject\" ><div class=\"avia-image-container-inner\"><div class=\"avia-image-overlay-wrap\"><img decoding=\"async\" fetchpriority=\"high\" class='wp-image-3424 avia-img-lazy-loading-not-3424 avia_image ' src=\"https:\/\/kroll-languages.de\/wp-content\/uploads\/2023\/09\/Katalanisch-1.jpg\" alt='Katalanische Flagge an einem Balkon' title='Katalanisch-1'  height=\"700\" width=\"1120\"  itemprop=\"thumbnailUrl\" srcset=\"https:\/\/kroll-languages.de\/wp-content\/uploads\/2023\/09\/Katalanisch-1.jpg 1120w, https:\/\/kroll-languages.de\/wp-content\/uploads\/2023\/09\/Katalanisch-1-300x188.jpg 300w, https:\/\/kroll-languages.de\/wp-content\/uploads\/2023\/09\/Katalanisch-1-1030x644.jpg 1030w, https:\/\/kroll-languages.de\/wp-content\/uploads\/2023\/09\/Katalanisch-1-768x480.jpg 768w, https:\/\/kroll-languages.de\/wp-content\/uploads\/2023\/09\/Katalanisch-1-705x441.jpg 705w\" sizes=\"(max-width: 1120px) 100vw, 1120px\" \/><\/div><\/div><\/div><\/div>\n\n<\/div><\/div><\/div><!-- close content main div --><\/div><\/div>\n<style type=\"text\/css\" data-created_by=\"avia_inline_auto\" id=\"style-css-av-jz3su-d05442977ff1d4c532180baa9a1da4ce\">\n.avia-section.av-jz3su-d05442977ff1d4c532180baa9a1da4ce{\nbackground-color:#e5ebef;\nbackground-image:unset;\n}\n<\/style>\n<div id='av_section_3'  class='avia-section av-jz3su-d05442977ff1d4c532180baa9a1da4ce main_color avia-section-huge avia-no-border-styling  avia-builder-el-10  el_after_av_section  el_before_av_section  avia-bg-style-scroll container_wrap fullsize'  ><div class='container av-section-cont-open' ><div class='template-page content  av-content-full alpha units'><div class='post-entry post-entry-type-page post-entry-3456'><div class='entry-content-wrapper clearfix'>\n<div class='av-column-wrapper-individual av-mobile-columns-flex av-columns-reverse'><div  class='flex_column av-en27y-7dd47f23f0ccd2072941a1b8bb6483b3 av_one_half  avia-builder-el-11  el_before_av_one_half  avia-builder-el-first  first flex_column_div  '     ><style type=\"text\/css\" data-created_by=\"avia_inline_auto\" id=\"style-css-av-8t3ku-e08f3be70c95c4d5ac7e87c717c80753\">\n.avia-image-container.av-8t3ku-e08f3be70c95c4d5ac7e87c717c80753 img.avia_image{\nbox-shadow:none;\n}\n.avia-image-container.av-8t3ku-e08f3be70c95c4d5ac7e87c717c80753 .av-image-caption-overlay-center{\ncolor:#ffffff;\n}\n<\/style>\n<div  class='avia-image-container av-8t3ku-e08f3be70c95c4d5ac7e87c717c80753 av-styling- avia-align-center  avia-builder-el-12  avia-builder-el-no-sibling '   itemprop=\"image\" itemscope=\"itemscope\" itemtype=\"https:\/\/schema.org\/ImageObject\" ><div class=\"avia-image-container-inner\"><div class=\"avia-image-overlay-wrap\"><img decoding=\"async\" fetchpriority=\"high\" class='wp-image-3432 avia-img-lazy-loading-not-3432 avia_image ' src=\"https:\/\/kroll-languages.de\/wp-content\/uploads\/2023\/09\/Katalanisch-2.jpg\" alt='Katalanische S\u00fc\u00dfspeise' title='Katalanisch-2'  height=\"700\" width=\"1120\"  itemprop=\"thumbnailUrl\" srcset=\"https:\/\/kroll-languages.de\/wp-content\/uploads\/2023\/09\/Katalanisch-2.jpg 1120w, https:\/\/kroll-languages.de\/wp-content\/uploads\/2023\/09\/Katalanisch-2-300x188.jpg 300w, https:\/\/kroll-languages.de\/wp-content\/uploads\/2023\/09\/Katalanisch-2-1030x644.jpg 1030w, https:\/\/kroll-languages.de\/wp-content\/uploads\/2023\/09\/Katalanisch-2-768x480.jpg 768w, https:\/\/kroll-languages.de\/wp-content\/uploads\/2023\/09\/Katalanisch-2-705x441.jpg 705w\" sizes=\"(max-width: 1120px) 100vw, 1120px\" \/><\/div><\/div><\/div><\/div><div  class='flex_column av-evrhq-fe1bb870fecf637b0acaa032b77a6166 av_one_half  avia-builder-el-13  el_after_av_one_half  avia-builder-el-last  flex_column_div av-animated-generic bottom-to-top  '     ><p>\n<style type=\"text\/css\" data-created_by=\"avia_inline_auto\" id=\"style-css-av-l6236kvb-58d3c991f0f5c53f1810b91041cd0990\">\n#top .av-special-heading.av-l6236kvb-58d3c991f0f5c53f1810b91041cd0990{\nmargin:0 0 30px 0;\npadding-bottom:0;\n}\nbody .av-special-heading.av-l6236kvb-58d3c991f0f5c53f1810b91041cd0990 .av-special-heading-tag .heading-char{\nfont-size:25px;\n}\n.av-special-heading.av-l6236kvb-58d3c991f0f5c53f1810b91041cd0990 .av-subheading{\nfont-size:15px;\n}\n<\/style>\n<div  class='av-special-heading av-l6236kvb-58d3c991f0f5c53f1810b91041cd0990 av-special-heading-h2 blockquote modern-quote  avia-builder-el-14  el_before_av_textblock  avia-builder-el-first '><h2 class='av-special-heading-tag '  itemprop=\"headline\"  >Catalan interpreters &#8211; when they are needed, it is important<\/h2><div class=\"special-heading-border\"><div class=\"special-heading-inner-border\"><\/div><\/div><\/div><br \/>\n<section  class='av_textblock_section av-l621wnx5-be15b8a08ddde6b0c0d8c6e5aaf2ecda '   itemscope=\"itemscope\" itemtype=\"https:\/\/schema.org\/CreativeWork\" ><div class='avia_textblock'  itemprop=\"text\" ><p>Catalan is one of the more niche languages for interpreters and translators in German-speaking countries. When interpretation into Catalan is required, it is typically during important occasions &#8211; such as bilateral meetings, events, or television appearances. The various dialects of Catalan, as spoken in Valencia, Mallorca, or the other Balearic Islands, could also be requested. We provide you with highly skilled Catalan interpreters.<\/p>\n<\/div><\/section><br \/>\n<div  class='avia-button-wrap av-la27uppd-1bf977cfac3384ed249ff12f20b15ff4-wrap avia-button-left  avia-builder-el-16  el_after_av_textblock  avia-builder-el-last '>\n<style type=\"text\/css\" data-created_by=\"avia_inline_auto\" id=\"style-css-av-la27uppd-1bf977cfac3384ed249ff12f20b15ff4\">\n#top #wrap_all .avia-button.av-la27uppd-1bf977cfac3384ed249ff12f20b15ff4{\nborder-radius:40px 40px 40px 40px;\ntransition:all 0.4s ease-in-out;\n}\n#top #wrap_all.avia-button.av-la27uppd-1bf977cfac3384ed249ff12f20b15ff4:hover .avia_button_background{\nborder-radius:40px 40px 40px 40px;\n}\n<\/style>\n<a href='https:\/\/kroll-languages.de\/en\/contact\/'  class='avia-button av-la27uppd-1bf977cfac3384ed249ff12f20b15ff4 av-link-btn avia-icon_select-no avia-size-x-large avia-position-left avia-color-theme-color'   aria-label=\"Request here\"><span class='avia_iconbox_title' >Request here<\/span><\/a><\/div><\/p><\/div><\/div><!--close flex column wrapper. Autoclose: 1 --><\/div><\/div><\/div><!-- close content main div --><\/div><\/div><div id='av_section_4'  class='avia-section av-s3kg7-7242aeee460751634a20b46112946a7d main_color avia-section-huge avia-no-border-styling  avia-builder-el-17  el_after_av_section  avia-builder-el-last  avia-bg-style-scroll container_wrap fullsize'  ><div class='container av-section-cont-open' ><div class='template-page content  av-content-full alpha units'><div class='post-entry post-entry-type-page post-entry-3456'><div class='entry-content-wrapper clearfix'>\n\n<style type=\"text\/css\" data-created_by=\"avia_inline_auto\" id=\"style-css-av-n0qnr-dbb0eee0d7dbc0299e0949389727266c\">\n.flex_column.av-n0qnr-dbb0eee0d7dbc0299e0949389727266c{\nwidth:48%;\n}\n<\/style>\n<div  class='flex_column av-n0qnr-dbb0eee0d7dbc0299e0949389727266c av_one_half  avia-builder-el-18  el_before_av_one_half  avia-builder-el-first  first flex_column_div av-animated-generic bottom-to-top  '     ><p>\n<style type=\"text\/css\" data-created_by=\"avia_inline_auto\" id=\"style-css-av-l63j34ja-c4cc1d77beb770b55184ac0809ed7814\">\n#top .av-special-heading.av-l63j34ja-c4cc1d77beb770b55184ac0809ed7814{\nmargin:0 0 30px 0;\npadding-bottom:0;\n}\nbody .av-special-heading.av-l63j34ja-c4cc1d77beb770b55184ac0809ed7814 .av-special-heading-tag .heading-char{\nfont-size:25px;\n}\n.av-special-heading.av-l63j34ja-c4cc1d77beb770b55184ac0809ed7814 .av-subheading{\nfont-size:15px;\n}\n<\/style>\n<div  class='av-special-heading av-l63j34ja-c4cc1d77beb770b55184ac0809ed7814 av-special-heading-h2 blockquote modern-quote  avia-builder-el-19  el_before_av_textblock  avia-builder-el-first '><h2 class='av-special-heading-tag '  itemprop=\"headline\"  >Kroll Languages: Interpreter placement and own services<\/h2><div class=\"special-heading-border\"><div class=\"special-heading-inner-border\"><\/div><\/div><\/div><br \/>\n<section  class='av_textblock_section av-l63j2ksh-d767aee7c816d6787db43b373e9c09af '   itemscope=\"itemscope\" itemtype=\"https:\/\/schema.org\/CreativeWork\" ><div class='avia_textblock'  itemprop=\"text\" ><p>In addition to providing interpreters for Catalan and all other languages, we <a href=\"https:\/\/kroll-languages.de\/en\/interpreting\/\">interpret<\/a> and <a href=\"https:\/\/kroll-languages.de\/en\/translate\/\">translate<\/a> in different languages, like <a href=\"https:\/\/kroll-languages.de\/en\/portuguese\/\">Portuguese<\/a> to <a href=\"https:\/\/kroll-languages.de\/en\/french\/\">French<\/a>. We provide our services for both <a href=\"https:\/\/kroll-languages.de\/en\/videoconferencing\/\">video conferencing<\/a> and on-site meetings.<\/p>\n<p>In addition, we offer our <a href=\"https:\/\/kroll-languages.de\/en\/hub-services\/\">Hub Services<\/a>. You can choose from various packages to organize your video conference via our Hub near D\u00fcsseldorf.<\/p>\n<\/div><\/section><br \/>\n<div  class='avia-button-wrap av-la16vgg2-9da09b10a91c3ca8ec55d49ca07f5584-wrap avia-button-left  avia-builder-el-21  el_after_av_textblock  avia-builder-el-last '>\n<style type=\"text\/css\" data-created_by=\"avia_inline_auto\" id=\"style-css-av-la16vgg2-9da09b10a91c3ca8ec55d49ca07f5584\">\n#top #wrap_all .avia-button.av-la16vgg2-9da09b10a91c3ca8ec55d49ca07f5584{\nborder-radius:40px 40px 40px 40px;\ntransition:all 0.4s ease-in-out;\n}\n#top #wrap_all.avia-button.av-la16vgg2-9da09b10a91c3ca8ec55d49ca07f5584:hover .avia_button_background{\nborder-radius:40px 40px 40px 40px;\n}\n<\/style>\n<a href='https:\/\/kroll-languages.de\/en\/contact\/'  class='avia-button av-la16vgg2-9da09b10a91c3ca8ec55d49ca07f5584 av-link-btn avia-icon_select-no avia-size-x-large avia-position-left avia-color-theme-color'   aria-label=\"Get a quote now\"><span class='avia_iconbox_title' >Get a quote now<\/span><\/a><\/div><\/p><\/div>\n<style type=\"text\/css\" data-created_by=\"avia_inline_auto\" id=\"style-css-av-eo11j-1ed78ac6677bbb355fec323a5b534b32\">\n.flex_column.av-eo11j-1ed78ac6677bbb355fec323a5b534b32{\nwidth:48%;\nmargin-left:4%;\n}\n<\/style>\n<div  class='flex_column av-eo11j-1ed78ac6677bbb355fec323a5b534b32 av_one_half  avia-builder-el-22  el_after_av_one_half  avia-builder-el-last  flex_column_div  '     ><style type=\"text\/css\" data-created_by=\"avia_inline_auto\" id=\"style-css-av-7d27z-244a92d5dea9709637e404af9242960b\">\n.avia-image-container.av-7d27z-244a92d5dea9709637e404af9242960b img.avia_image{\nbox-shadow:none;\n}\n.avia-image-container.av-7d27z-244a92d5dea9709637e404af9242960b .av-image-caption-overlay-center{\ncolor:#ffffff;\n}\n<\/style>\n<div  class='avia-image-container av-7d27z-244a92d5dea9709637e404af9242960b av-styling- avia-align-center  avia-builder-el-23  avia-builder-el-no-sibling '   itemprop=\"image\" itemscope=\"itemscope\" itemtype=\"https:\/\/schema.org\/ImageObject\" ><div class=\"avia-image-container-inner\"><div class=\"avia-image-overlay-wrap\"><img decoding=\"async\" fetchpriority=\"high\" class='wp-image-3428 avia-img-lazy-loading-not-3428 avia_image ' src=\"https:\/\/kroll-languages.de\/wp-content\/uploads\/2023\/09\/Katalanisch-3.jpg\" alt='Casa Batllo in Barcelona' title='Katalanisch-3'  height=\"700\" width=\"1120\"  itemprop=\"thumbnailUrl\" srcset=\"https:\/\/kroll-languages.de\/wp-content\/uploads\/2023\/09\/Katalanisch-3.jpg 1120w, https:\/\/kroll-languages.de\/wp-content\/uploads\/2023\/09\/Katalanisch-3-300x188.jpg 300w, https:\/\/kroll-languages.de\/wp-content\/uploads\/2023\/09\/Katalanisch-3-1030x644.jpg 1030w, https:\/\/kroll-languages.de\/wp-content\/uploads\/2023\/09\/Katalanisch-3-768x480.jpg 768w, https:\/\/kroll-languages.de\/wp-content\/uploads\/2023\/09\/Katalanisch-3-705x441.jpg 705w\" sizes=\"(max-width: 1120px) 100vw, 1120px\" \/><\/div><\/div><\/div><\/div><\/p>\n","protected":false},"excerpt":{"rendered":"","protected":false},"author":1,"featured_media":0,"parent":0,"menu_order":0,"comment_status":"closed","ping_status":"closed","template":"","meta":{"footnotes":""},"class_list":["post-3456","page","type-page","status-publish","hentry"],"yoast_head":"<!-- This site is optimized with the Yoast SEO plugin v22.2 - https:\/\/yoast.com\/wordpress\/plugins\/seo\/ -->\n<title>Interpreter for Catalan at Kroll Languages<\/title>\n<meta name=\"description\" content=\"Interpreters for Catalan are available through Kroll Languages - of course in high quality!\" \/>\n<meta name=\"robots\" content=\"index, follow, max-snippet:-1, max-image-preview:large, max-video-preview:-1\" \/>\n<link rel=\"canonical\" href=\"https:\/\/kroll-languages.de\/en\/catalan\/\" \/>\n<meta name=\"twitter:label1\" content=\"Est. reading time\" \/>\n\t<meta name=\"twitter:data1\" content=\"9 minutes\" \/>\n<script type=\"application\/ld+json\" class=\"yoast-schema-graph\">{\"@context\":\"https:\/\/schema.org\",\"@graph\":[{\"@type\":\"WebPage\",\"@id\":\"https:\/\/kroll-languages.de\/en\/catalan\/\",\"url\":\"https:\/\/kroll-languages.de\/en\/catalan\/\",\"name\":\"Interpreter for Catalan at Kroll Languages\",\"isPartOf\":{\"@id\":\"https:\/\/kroll-languages.de\/#website\"},\"datePublished\":\"2023-09-19T07:29:54+00:00\",\"dateModified\":\"2023-09-19T07:52:55+00:00\",\"description\":\"Interpreters for Catalan are available through Kroll Languages - of course in high quality!\",\"breadcrumb\":{\"@id\":\"https:\/\/kroll-languages.de\/en\/catalan\/#breadcrumb\"},\"inLanguage\":\"en-US\",\"potentialAction\":[{\"@type\":\"ReadAction\",\"target\":[\"https:\/\/kroll-languages.de\/en\/catalan\/\"]}]},{\"@type\":\"BreadcrumbList\",\"@id\":\"https:\/\/kroll-languages.de\/en\/catalan\/#breadcrumb\",\"itemListElement\":[{\"@type\":\"ListItem\",\"position\":1,\"name\":\"Startseite\",\"item\":\"https:\/\/kroll-languages.de\/en\/home\/\"},{\"@type\":\"ListItem\",\"position\":2,\"name\":\"Catalan\"}]},{\"@type\":\"WebSite\",\"@id\":\"https:\/\/kroll-languages.de\/#website\",\"url\":\"https:\/\/kroll-languages.de\/\",\"name\":\"Kroll Languages\",\"description\":\"\",\"potentialAction\":[{\"@type\":\"SearchAction\",\"target\":{\"@type\":\"EntryPoint\",\"urlTemplate\":\"https:\/\/kroll-languages.de\/?s={search_term_string}\"},\"query-input\":\"required name=search_term_string\"}],\"inLanguage\":\"en-US\"}]}<\/script>\n<!-- \/ Yoast SEO plugin. -->","yoast_head_json":{"title":"Interpreter for Catalan at Kroll Languages","description":"Interpreters for Catalan are available through Kroll Languages - of course in high quality!","robots":{"index":"index","follow":"follow","max-snippet":"max-snippet:-1","max-image-preview":"max-image-preview:large","max-video-preview":"max-video-preview:-1"},"canonical":"https:\/\/kroll-languages.de\/en\/catalan\/","twitter_misc":{"Est. reading time":"9 minutes"},"schema":{"@context":"https:\/\/schema.org","@graph":[{"@type":"WebPage","@id":"https:\/\/kroll-languages.de\/en\/catalan\/","url":"https:\/\/kroll-languages.de\/en\/catalan\/","name":"Interpreter for Catalan at Kroll Languages","isPartOf":{"@id":"https:\/\/kroll-languages.de\/#website"},"datePublished":"2023-09-19T07:29:54+00:00","dateModified":"2023-09-19T07:52:55+00:00","description":"Interpreters for Catalan are available through Kroll Languages - of course in high quality!","breadcrumb":{"@id":"https:\/\/kroll-languages.de\/en\/catalan\/#breadcrumb"},"inLanguage":"en-US","potentialAction":[{"@type":"ReadAction","target":["https:\/\/kroll-languages.de\/en\/catalan\/"]}]},{"@type":"BreadcrumbList","@id":"https:\/\/kroll-languages.de\/en\/catalan\/#breadcrumb","itemListElement":[{"@type":"ListItem","position":1,"name":"Startseite","item":"https:\/\/kroll-languages.de\/en\/home\/"},{"@type":"ListItem","position":2,"name":"Catalan"}]},{"@type":"WebSite","@id":"https:\/\/kroll-languages.de\/#website","url":"https:\/\/kroll-languages.de\/","name":"Kroll Languages","description":"","potentialAction":[{"@type":"SearchAction","target":{"@type":"EntryPoint","urlTemplate":"https:\/\/kroll-languages.de\/?s={search_term_string}"},"query-input":"required name=search_term_string"}],"inLanguage":"en-US"}]}},"_links":{"self":[{"href":"https:\/\/kroll-languages.de\/en\/wp-json\/wp\/v2\/pages\/3456","targetHints":{"allow":["GET"]}}],"collection":[{"href":"https:\/\/kroll-languages.de\/en\/wp-json\/wp\/v2\/pages"}],"about":[{"href":"https:\/\/kroll-languages.de\/en\/wp-json\/wp\/v2\/types\/page"}],"author":[{"embeddable":true,"href":"https:\/\/kroll-languages.de\/en\/wp-json\/wp\/v2\/users\/1"}],"replies":[{"embeddable":true,"href":"https:\/\/kroll-languages.de\/en\/wp-json\/wp\/v2\/comments?post=3456"}],"version-history":[{"count":0,"href":"https:\/\/kroll-languages.de\/en\/wp-json\/wp\/v2\/pages\/3456\/revisions"}],"wp:attachment":[{"href":"https:\/\/kroll-languages.de\/en\/wp-json\/wp\/v2\/media?parent=3456"}],"curies":[{"name":"wp","href":"https:\/\/api.w.org\/{rel}","templated":true}]}}