{"id":2169,"date":"2022-07-27T13:33:34","date_gmt":"2022-07-27T11:33:34","guid":{"rendered":"https:\/\/kroll-languages.de\/portugiesisch\/"},"modified":"2023-08-21T17:18:19","modified_gmt":"2023-08-21T15:18:19","slug":"portuguese","status":"publish","type":"page","link":"https:\/\/kroll-languages.de\/en\/portuguese\/","title":{"rendered":"Portuguese"},"content":{"rendered":"\n<style type=\"text\/css\" data-created_by=\"avia_inline_auto\" id=\"style-css-av-l61zea0a-3e82b7b8d81d66f2c0f5df8f09a4f5cb\">\n.avia-section.av-l61zea0a-3e82b7b8d81d66f2c0f5df8f09a4f5cb{\nbackground-repeat:no-repeat;\nbackground-image:url(https:\/\/kroll-languages.de\/wp-content\/uploads\/2022\/09\/brasilien.jpg);\nbackground-position:50% 50%;\nbackground-attachment:scroll;\n}\n<\/style>\n<div id='av_section_1'  class='avia-section av-l61zea0a-3e82b7b8d81d66f2c0f5df8f09a4f5cb main_color avia-section-default avia-no-border-styling  avia-builder-el-0  el_before_av_section  avia-builder-el-first  avia-full-stretch avia-bg-style-scroll av-minimum-height av-minimum-height-50 av-height-50  av-section-with-video-bg container_wrap fullsize'  data-section-bg-repeat='stretch' data-av_minimum_height_pc='50' data-av_min_height_opt='50' data-section-video-ratio='16:9'><div  class='avia-slideshow av_slideshow_obj-1-69e488818e289 avia-slideshow-featured av_slideshow avia-slide-slider av-slideshow-ui av-control-default av-slideshow-manual av-loop-once av-loop-manual-endless av-default-height-applied  av-section-video-bg avia-slideshow-1' data-slideshow-options=\"{&quot;animation&quot;:&quot;slide&quot;,&quot;autoplay&quot;:false,&quot;loop_autoplay&quot;:&quot;once&quot;,&quot;interval&quot;:5,&quot;loop_manual&quot;:&quot;manual-endless&quot;,&quot;autoplay_stopper&quot;:false,&quot;noNavigation&quot;:false,&quot;bg_slider&quot;:false,&quot;keep_padding&quot;:false,&quot;hoverpause&quot;:false,&quot;show_slide_delay&quot;:0}\"  itemprop=\"image\" itemscope=\"itemscope\" itemtype=\"https:\/\/schema.org\/ImageObject\" ><ul class='avia-slideshow-inner ' style='padding-bottom: 28.6666666667%;'><li  data-controls='disabled' data-mute='aviaTBaviaTBvideo_mute' data-loop='1' data-disable-autoplay=''  data-video-ratio='1.77777777778' class='avia-slideshow-slide av_slideshow_obj-1-69e488818e289__0  av-video-slide  av-video-service-html5  av-hide-video-controls av-mute-video av-loop-video  av-single-slide slide-1 slide-odd'><div data-rel='slideshow-1' class='avia-slide-wrap '    itemprop=\"video\" itemtype=\"https:\/\/schema.org\/VideoObject\" ><div class='av-click-overlay'><\/div><video class='avia_video'  autoplay playsinline loop preload=\"metadata\" muted  id='player_2169_645950558_612003745'><source src=\"https:\/\/kroll-languages.de\/wp-content\/uploads\/2022\/09\/brasilianisches-Portugiesisch.mp4\" type=\"video\/mp4\" \/><\/video><div class=\"av-click-to-play-overlay\"><div class=\"avia_playpause_icon\"><\/div><\/div><\/div><\/li><\/ul><\/div><div class=\"av-section-color-overlay-wrap\"><a href='#next-section' title='' class='scroll-down-link ' aria-hidden='true' data-av_icon='\ue877' data-av_iconfont='entypo-fontello'><\/a><div class='container av-section-cont-open' ><main  role=\"main\" itemprop=\"mainContentOfPage\"  class='template-page content  av-content-full alpha units'><div class='post-entry post-entry-type-page post-entry-2169'><div class='entry-content-wrapper clearfix'>\n<div  class='flex_column av-k5k1y-a92429d5cb3f7b967b40c21831851ccc av_one_full  avia-builder-el-1  avia-builder-el-no-sibling  section1_title first flex_column_div  '     ><style type=\"text\/css\" data-created_by=\"avia_inline_auto\" id=\"style-css-av-l622rff2-f4ce16a98ae29c26f1c30992bf5f13ec\">\n#top .av_textblock_section.av-l622rff2-f4ce16a98ae29c26f1c30992bf5f13ec .avia_textblock{\ncolor:#ffffff;\n}\n<\/style>\n<section  class='av_textblock_section av-l622rff2-f4ce16a98ae29c26f1c30992bf5f13ec '   itemscope=\"itemscope\" itemtype=\"https:\/\/schema.org\/CreativeWork\" ><div class='avia_textblock av_inherit_color'  itemprop=\"text\" ><p style=\"text-align: center; font-size: 60px; font-weight: 600; line-height: 60px; margin-top: 0px;\">Portuguese<\/p>\n<\/div><\/section><br \/>\n\n<style type=\"text\/css\" data-created_by=\"avia_inline_auto\" id=\"style-css-av-h5uqm-89a6eb8a9ee1260b41e1b59cb86575fb\">\n#top .hr.av-h5uqm-89a6eb8a9ee1260b41e1b59cb86575fb{\nmargin-top:40px;\nmargin-bottom:40px;\n}\n.hr.av-h5uqm-89a6eb8a9ee1260b41e1b59cb86575fb .hr-inner{\nwidth:100px;\nborder-color:#ffffff;\n}\n<\/style>\n<div  class='hr av-h5uqm-89a6eb8a9ee1260b41e1b59cb86575fb hr-custom  avia-builder-el-3  el_after_av_textblock  avia-builder-el-last  av-medium-hide av-small-hide av-mini-hide hr-center hr-icon-no'><span class='hr-inner inner-border-av-border-fat'><span class=\"hr-inner-style\"><\/span><\/span><\/div><\/p><\/div>\n\n<\/div><\/div><\/main><!-- close content main element --><\/div><\/div><\/div><div id='av_section_2'  class='avia-section av-l621n4au-452855f137276c23698484b04c45e205 main_color avia-section-huge avia-no-border-styling  avia-builder-el-4  el_after_av_section  el_before_av_section  avia-bg-style-scroll container_wrap fullsize'  ><div class='container av-section-cont-open' ><div class='template-page content  av-content-full alpha units'><div class='post-entry post-entry-type-page post-entry-2169'><div class='entry-content-wrapper clearfix'>\n\n<style type=\"text\/css\" data-created_by=\"avia_inline_auto\" id=\"style-css-av-smvke-25ba663c0c5cf22090550d847f065279\">\n.flex_column.av-smvke-25ba663c0c5cf22090550d847f065279{\nwidth:48%;\n}\n<\/style>\n<div  class='flex_column av-smvke-25ba663c0c5cf22090550d847f065279 av_one_half  avia-builder-el-5  el_before_av_one_half  avia-builder-el-first  first flex_column_div av-animated-generic bottom-to-top  '     ><p>\n<style type=\"text\/css\" data-created_by=\"avia_inline_auto\" id=\"style-css-av-jb226-9a7ec749ecf4bbcd6ff125528afaf85d\">\n#top .av-special-heading.av-jb226-9a7ec749ecf4bbcd6ff125528afaf85d{\nmargin:0 0 30px 0;\npadding-bottom:0;\n}\nbody .av-special-heading.av-jb226-9a7ec749ecf4bbcd6ff125528afaf85d .av-special-heading-tag .heading-char{\nfont-size:25px;\n}\n.av-special-heading.av-jb226-9a7ec749ecf4bbcd6ff125528afaf85d .av-subheading{\nfont-size:15px;\n}\n<\/style>\n<div  class='av-special-heading av-jb226-9a7ec749ecf4bbcd6ff125528afaf85d av-special-heading-h1 blockquote modern-quote  avia-builder-el-6  el_before_av_textblock  avia-builder-el-first '><h1 class='av-special-heading-tag '  itemprop=\"headline\"  >Interpreter for Portuguese\/German and other combinations<\/h1><div class=\"special-heading-border\"><div class=\"special-heading-inner-border\"><\/div><\/div><\/div><br \/>\n<section  class='av_textblock_section av-dc0jq-52c496fc5c7b0cf390715f02d0bf66df '   itemscope=\"itemscope\" itemtype=\"https:\/\/schema.org\/CreativeWork\" ><div class='avia_textblock'  itemprop=\"text\" ><p>As interpreters for Portuguese\/German and other language combinations, this language is one of our main areas of expertise. Originally native to the Iberian Peninsula, today, well over 250 million people on four continents speak Portuguese as a native or second language. The best-known country where Portuguese is spoken as a native language (besides Portugal itself) is Brazil. More than 220 million people speak Portuguese there. Portuguese is also widely spoken in African countries like Angola, Mozambique, Macau, Cape Verde, Guinea-Bissau, and S\u00e3o Tom\u00e9 and Pr\u00edncipe in Africa and East Timor in Asia.<\/p>\n<\/div><\/section><\/p><\/div>\n<style type=\"text\/css\" data-created_by=\"avia_inline_auto\" id=\"style-css-av-9jec6-694be3e05cceeca6656d6b662dbdb1bf\">\n.flex_column.av-9jec6-694be3e05cceeca6656d6b662dbdb1bf{\nwidth:48%;\nmargin-left:4%;\n}\n<\/style>\n<div  class='flex_column av-9jec6-694be3e05cceeca6656d6b662dbdb1bf av_one_half  avia-builder-el-8  el_after_av_one_half  avia-builder-el-last  flex_column_div  '     ><style type=\"text\/css\" data-created_by=\"avia_inline_auto\" id=\"style-css-av-l621wimw-7ee449085508ea58201537559be1b274\">\n.avia-image-container.av-l621wimw-7ee449085508ea58201537559be1b274 img.avia_image{\nbox-shadow:none;\n}\n.avia-image-container.av-l621wimw-7ee449085508ea58201537559be1b274 .av-image-caption-overlay-center{\ncolor:#ffffff;\n}\n<\/style>\n<div  class='avia-image-container av-l621wimw-7ee449085508ea58201537559be1b274 av-styling- avia-align-center  avia-builder-el-9  avia-builder-el-no-sibling '   itemprop=\"image\" itemscope=\"itemscope\" itemtype=\"https:\/\/schema.org\/ImageObject\" ><div class=\"avia-image-container-inner\"><div class=\"avia-image-overlay-wrap\"><img decoding=\"async\" fetchpriority=\"high\" class='wp-image-2036 avia-img-lazy-loading-not-2036 avia_image ' src=\"https:\/\/kroll-languages.de\/wp-content\/uploads\/2022\/11\/Portugiesische_frau.jpg\" alt='' title=''  height=\"700\" width=\"1120\"  itemprop=\"thumbnailUrl\" srcset=\"https:\/\/kroll-languages.de\/wp-content\/uploads\/2022\/11\/Portugiesische_frau.jpg 1120w, https:\/\/kroll-languages.de\/wp-content\/uploads\/2022\/11\/Portugiesische_frau-300x188.jpg 300w, https:\/\/kroll-languages.de\/wp-content\/uploads\/2022\/11\/Portugiesische_frau-1030x644.jpg 1030w, https:\/\/kroll-languages.de\/wp-content\/uploads\/2022\/11\/Portugiesische_frau-768x480.jpg 768w, https:\/\/kroll-languages.de\/wp-content\/uploads\/2022\/11\/Portugiesische_frau-705x441.jpg 705w\" sizes=\"(max-width: 1120px) 100vw, 1120px\" \/><\/div><\/div><\/div><\/div><\/div><\/div><\/div><!-- close content main div --><\/div><\/div>\n<style type=\"text\/css\" data-created_by=\"avia_inline_auto\" id=\"style-css-av-jz3su-d05442977ff1d4c532180baa9a1da4ce\">\n.avia-section.av-jz3su-d05442977ff1d4c532180baa9a1da4ce{\nbackground-color:#e5ebef;\nbackground-image:unset;\n}\n<\/style>\n<div id='av_section_3'  class='avia-section av-jz3su-d05442977ff1d4c532180baa9a1da4ce main_color avia-section-huge avia-no-border-styling  avia-builder-el-10  el_after_av_section  el_before_av_section  avia-bg-style-scroll container_wrap fullsize'  ><div class='container av-section-cont-open' ><div class='template-page content  av-content-full alpha units'><div class='post-entry post-entry-type-page post-entry-2169'><div class='entry-content-wrapper clearfix'>\n<div class='av-column-wrapper-individual av-mobile-columns-flex av-columns-reverse'><div  class='flex_column av-en27y-7dd47f23f0ccd2072941a1b8bb6483b3 av_one_half  avia-builder-el-11  el_before_av_one_half  avia-builder-el-first  first flex_column_div  '     ><style type=\"text\/css\" data-created_by=\"avia_inline_auto\" id=\"style-css-av-8t3ku-559e6b906e7d69a542eb0504d57c3760\">\n.avia-image-container.av-8t3ku-559e6b906e7d69a542eb0504d57c3760 img.avia_image{\nbox-shadow:none;\n}\n.avia-image-container.av-8t3ku-559e6b906e7d69a542eb0504d57c3760 .av-image-caption-overlay-center{\ncolor:#ffffff;\n}\n<\/style>\n<div  class='avia-image-container av-8t3ku-559e6b906e7d69a542eb0504d57c3760 av-styling- avia-align-center  avia-builder-el-12  avia-builder-el-no-sibling '   itemprop=\"image\" itemscope=\"itemscope\" itemtype=\"https:\/\/schema.org\/ImageObject\" ><div class=\"avia-image-container-inner\"><div class=\"avia-image-overlay-wrap\"><img decoding=\"async\" fetchpriority=\"high\" class='wp-image-2037 avia-img-lazy-loading-not-2037 avia_image ' src=\"https:\/\/kroll-languages.de\/wp-content\/uploads\/2022\/11\/falas_portugues.jpg\" alt='' title=''  height=\"700\" width=\"1120\"  itemprop=\"thumbnailUrl\" srcset=\"https:\/\/kroll-languages.de\/wp-content\/uploads\/2022\/11\/falas_portugues.jpg 1120w, https:\/\/kroll-languages.de\/wp-content\/uploads\/2022\/11\/falas_portugues-300x188.jpg 300w, https:\/\/kroll-languages.de\/wp-content\/uploads\/2022\/11\/falas_portugues-1030x644.jpg 1030w, https:\/\/kroll-languages.de\/wp-content\/uploads\/2022\/11\/falas_portugues-768x480.jpg 768w, https:\/\/kroll-languages.de\/wp-content\/uploads\/2022\/11\/falas_portugues-705x441.jpg 705w\" sizes=\"(max-width: 1120px) 100vw, 1120px\" \/><\/div><\/div><\/div><\/div><div  class='flex_column av-evrhq-fe1bb870fecf637b0acaa032b77a6166 av_one_half  avia-builder-el-13  el_after_av_one_half  avia-builder-el-last  flex_column_div av-animated-generic bottom-to-top  '     ><p>\n<style type=\"text\/css\" data-created_by=\"avia_inline_auto\" id=\"style-css-av-l6236kvb-3c6d347cb3a7f27ad0258daa9144151f\">\n#top .av-special-heading.av-l6236kvb-3c6d347cb3a7f27ad0258daa9144151f{\nmargin:0 0 30px 0;\npadding-bottom:0;\n}\nbody .av-special-heading.av-l6236kvb-3c6d347cb3a7f27ad0258daa9144151f .av-special-heading-tag .heading-char{\nfont-size:25px;\n}\n.av-special-heading.av-l6236kvb-3c6d347cb3a7f27ad0258daa9144151f .av-subheading{\nfont-size:15px;\n}\n<\/style>\n<div  class='av-special-heading av-l6236kvb-3c6d347cb3a7f27ad0258daa9144151f av-special-heading-h2 blockquote modern-quote  avia-builder-el-14  el_before_av_textblock  avia-builder-el-first '><h2 class='av-special-heading-tag '  itemprop=\"headline\"  >Portuguese interpreters: language diversity at Kroll Languages<\/h2><div class=\"special-heading-border\"><div class=\"special-heading-inner-border\"><\/div><\/div><\/div><br \/>\n<section  class='av_textblock_section av-l621wnx5-be15b8a08ddde6b0c0d8c6e5aaf2ecda '   itemscope=\"itemscope\" itemtype=\"https:\/\/schema.org\/CreativeWork\" ><div class='avia_textblock'  itemprop=\"text\" ><p>As Portuguese interpreters, we translate from Portuguese directly into one of our other main languages (German, English, French, Italian, Spanish). We are also happy to organize additional interpreters from our network for other languages, such as Dutch, Polish, Arabic, Japanese, or Korean, which allows us to cover many settings effectively and with different scenarios. We render our interpretation services, e.g., during board meetings or meetings of committees of cross-border organizations. Communication may become problematic during international gatherings. Therefore, simultaneous interpretation makes everyone&#8217;s job easier, especially for <a href=\"https:\/\/kroll-languages.de\/en\/videoconferencing\/\"><u>videoconferencing<\/u>.<\/a><\/p>\n<\/div><\/section><\/p><\/div><\/div><!--close flex column wrapper. Autoclose: 1 --><\/div><\/div><\/div><!-- close content main div --><\/div><\/div><div id='av_section_4'  class='avia-section av-s3kg7-7242aeee460751634a20b46112946a7d main_color avia-section-huge avia-no-border-styling  avia-builder-el-16  el_after_av_section  avia-builder-el-last  avia-bg-style-scroll container_wrap fullsize'  ><div class='container av-section-cont-open' ><div class='template-page content  av-content-full alpha units'><div class='post-entry post-entry-type-page post-entry-2169'><div class='entry-content-wrapper clearfix'>\n\n<style type=\"text\/css\" data-created_by=\"avia_inline_auto\" id=\"style-css-av-n0qnr-dbb0eee0d7dbc0299e0949389727266c\">\n.flex_column.av-n0qnr-dbb0eee0d7dbc0299e0949389727266c{\nwidth:48%;\n}\n<\/style>\n<div  class='flex_column av-n0qnr-dbb0eee0d7dbc0299e0949389727266c av_one_half  avia-builder-el-17  el_before_av_one_half  avia-builder-el-first  first flex_column_div av-animated-generic bottom-to-top  '     ><p>\n<style type=\"text\/css\" data-created_by=\"avia_inline_auto\" id=\"style-css-av-l63j34ja-3673aad84fc9763a822b307f2389cf6f\">\n#top .av-special-heading.av-l63j34ja-3673aad84fc9763a822b307f2389cf6f{\nmargin:0 0 30px 0;\npadding-bottom:0;\n}\nbody .av-special-heading.av-l63j34ja-3673aad84fc9763a822b307f2389cf6f .av-special-heading-tag .heading-char{\nfont-size:25px;\n}\n.av-special-heading.av-l63j34ja-3673aad84fc9763a822b307f2389cf6f .av-subheading{\nfont-size:15px;\n}\n<\/style>\n<div  class='av-special-heading av-l63j34ja-3673aad84fc9763a822b307f2389cf6f av-special-heading-h2 blockquote modern-quote  avia-builder-el-18  el_before_av_textblock  avia-builder-el-first '><h2 class='av-special-heading-tag '  itemprop=\"headline\"  >Interpreter for Portuguese\/German: Simultaneous or Relay<\/h2><div class=\"special-heading-border\"><div class=\"special-heading-inner-border\"><\/div><\/div><\/div><br \/>\n<section  class='av_textblock_section av-l63j2ksh-d767aee7c816d6787db43b373e9c09af '   itemscope=\"itemscope\" itemtype=\"https:\/\/schema.org\/CreativeWork\" ><div class='avia_textblock'  itemprop=\"text\" ><p>As interpreters for Portuguese, German, English, Spanish, and Italian or other pairs, we can work simultaneously and also offer relay interpreting into several different languages. Regarding simultaneous interpreting, the translation is rendered immediately after the speaker has started to speak with a minimum delay; in relay interpreting, a third language is used before the translation into the target language takes place. We are also happy to provide you with premises and event technology at our Hub in Erkrath (near D\u00fcsseldorf). Please get in touch with us to discuss your upcoming interpretation project.<\/p>\n<\/div><\/section><\/p><\/div>\n<style type=\"text\/css\" data-created_by=\"avia_inline_auto\" id=\"style-css-av-eo11j-1ed78ac6677bbb355fec323a5b534b32\">\n.flex_column.av-eo11j-1ed78ac6677bbb355fec323a5b534b32{\nwidth:48%;\nmargin-left:4%;\n}\n<\/style>\n<div  class='flex_column av-eo11j-1ed78ac6677bbb355fec323a5b534b32 av_one_half  avia-builder-el-20  el_after_av_one_half  avia-builder-el-last  flex_column_div  '     ><style type=\"text\/css\" data-created_by=\"avia_inline_auto\" id=\"style-css-av-7d27z-e6e928c761c9bff245c6b09919cbd040\">\n.avia-image-container.av-7d27z-e6e928c761c9bff245c6b09919cbd040 img.avia_image{\nbox-shadow:none;\n}\n.avia-image-container.av-7d27z-e6e928c761c9bff245c6b09919cbd040 .av-image-caption-overlay-center{\ncolor:#ffffff;\n}\n<\/style>\n<div  class='avia-image-container av-7d27z-e6e928c761c9bff245c6b09919cbd040 av-styling- avia-align-center  avia-builder-el-21  avia-builder-el-no-sibling '   itemprop=\"image\" itemscope=\"itemscope\" itemtype=\"https:\/\/schema.org\/ImageObject\" ><div class=\"avia-image-container-inner\"><div class=\"avia-image-overlay-wrap\"><img decoding=\"async\" fetchpriority=\"high\" class='wp-image-2038 avia-img-lazy-loading-not-2038 avia_image ' src=\"https:\/\/kroll-languages.de\/wp-content\/uploads\/2022\/11\/videodolmetch.jpg\" alt='' title=''  height=\"700\" width=\"1120\"  itemprop=\"thumbnailUrl\" srcset=\"https:\/\/kroll-languages.de\/wp-content\/uploads\/2022\/11\/videodolmetch.jpg 1120w, https:\/\/kroll-languages.de\/wp-content\/uploads\/2022\/11\/videodolmetch-300x188.jpg 300w, https:\/\/kroll-languages.de\/wp-content\/uploads\/2022\/11\/videodolmetch-1030x644.jpg 1030w, https:\/\/kroll-languages.de\/wp-content\/uploads\/2022\/11\/videodolmetch-768x480.jpg 768w, https:\/\/kroll-languages.de\/wp-content\/uploads\/2022\/11\/videodolmetch-705x441.jpg 705w\" sizes=\"(max-width: 1120px) 100vw, 1120px\" \/><\/div><\/div><\/div><\/div><\/p>\n","protected":false},"excerpt":{"rendered":"","protected":false},"author":1,"featured_media":0,"parent":0,"menu_order":0,"comment_status":"closed","ping_status":"closed","template":"","meta":{"footnotes":""},"class_list":["post-2169","page","type-page","status-publish","hentry"],"yoast_head":"<!-- This site is optimized with the Yoast SEO plugin v22.2 - https:\/\/yoast.com\/wordpress\/plugins\/seo\/ -->\n<title>Interpreter Portuguese\/German | Kroll Languages<\/title>\n<meta name=\"description\" content=\"Do you need interpretation into or from Portuguese? At Kroll Languages you get the services you need.\" \/>\n<meta name=\"robots\" content=\"index, follow, max-snippet:-1, max-image-preview:large, max-video-preview:-1\" \/>\n<link rel=\"canonical\" href=\"https:\/\/kroll-languages.de\/en\/portuguese\/\" \/>\n<meta name=\"twitter:label1\" content=\"Est. reading time\" \/>\n\t<meta name=\"twitter:data1\" content=\"9 minutes\" \/>\n<script type=\"application\/ld+json\" class=\"yoast-schema-graph\">{\"@context\":\"https:\/\/schema.org\",\"@graph\":[{\"@type\":\"WebPage\",\"@id\":\"https:\/\/kroll-languages.de\/en\/portuguese\/\",\"url\":\"https:\/\/kroll-languages.de\/en\/portuguese\/\",\"name\":\"Interpreter Portuguese\/German | Kroll Languages\",\"isPartOf\":{\"@id\":\"https:\/\/kroll-languages.de\/#website\"},\"datePublished\":\"2022-07-27T11:33:34+00:00\",\"dateModified\":\"2023-08-21T15:18:19+00:00\",\"description\":\"Do you need interpretation into or from Portuguese? At Kroll Languages you get the services you need.\",\"breadcrumb\":{\"@id\":\"https:\/\/kroll-languages.de\/en\/portuguese\/#breadcrumb\"},\"inLanguage\":\"en-US\",\"potentialAction\":[{\"@type\":\"ReadAction\",\"target\":[\"https:\/\/kroll-languages.de\/en\/portuguese\/\"]}]},{\"@type\":\"BreadcrumbList\",\"@id\":\"https:\/\/kroll-languages.de\/en\/portuguese\/#breadcrumb\",\"itemListElement\":[{\"@type\":\"ListItem\",\"position\":1,\"name\":\"Startseite\",\"item\":\"https:\/\/kroll-languages.de\/en\/home\/\"},{\"@type\":\"ListItem\",\"position\":2,\"name\":\"Portuguese\"}]},{\"@type\":\"WebSite\",\"@id\":\"https:\/\/kroll-languages.de\/#website\",\"url\":\"https:\/\/kroll-languages.de\/\",\"name\":\"Kroll Languages\",\"description\":\"\",\"potentialAction\":[{\"@type\":\"SearchAction\",\"target\":{\"@type\":\"EntryPoint\",\"urlTemplate\":\"https:\/\/kroll-languages.de\/?s={search_term_string}\"},\"query-input\":\"required name=search_term_string\"}],\"inLanguage\":\"en-US\"}]}<\/script>\n<!-- \/ Yoast SEO plugin. -->","yoast_head_json":{"title":"Interpreter Portuguese\/German | Kroll Languages","description":"Do you need interpretation into or from Portuguese? At Kroll Languages you get the services you need.","robots":{"index":"index","follow":"follow","max-snippet":"max-snippet:-1","max-image-preview":"max-image-preview:large","max-video-preview":"max-video-preview:-1"},"canonical":"https:\/\/kroll-languages.de\/en\/portuguese\/","twitter_misc":{"Est. reading time":"9 minutes"},"schema":{"@context":"https:\/\/schema.org","@graph":[{"@type":"WebPage","@id":"https:\/\/kroll-languages.de\/en\/portuguese\/","url":"https:\/\/kroll-languages.de\/en\/portuguese\/","name":"Interpreter Portuguese\/German | Kroll Languages","isPartOf":{"@id":"https:\/\/kroll-languages.de\/#website"},"datePublished":"2022-07-27T11:33:34+00:00","dateModified":"2023-08-21T15:18:19+00:00","description":"Do you need interpretation into or from Portuguese? At Kroll Languages you get the services you need.","breadcrumb":{"@id":"https:\/\/kroll-languages.de\/en\/portuguese\/#breadcrumb"},"inLanguage":"en-US","potentialAction":[{"@type":"ReadAction","target":["https:\/\/kroll-languages.de\/en\/portuguese\/"]}]},{"@type":"BreadcrumbList","@id":"https:\/\/kroll-languages.de\/en\/portuguese\/#breadcrumb","itemListElement":[{"@type":"ListItem","position":1,"name":"Startseite","item":"https:\/\/kroll-languages.de\/en\/home\/"},{"@type":"ListItem","position":2,"name":"Portuguese"}]},{"@type":"WebSite","@id":"https:\/\/kroll-languages.de\/#website","url":"https:\/\/kroll-languages.de\/","name":"Kroll Languages","description":"","potentialAction":[{"@type":"SearchAction","target":{"@type":"EntryPoint","urlTemplate":"https:\/\/kroll-languages.de\/?s={search_term_string}"},"query-input":"required name=search_term_string"}],"inLanguage":"en-US"}]}},"_links":{"self":[{"href":"https:\/\/kroll-languages.de\/en\/wp-json\/wp\/v2\/pages\/2169","targetHints":{"allow":["GET"]}}],"collection":[{"href":"https:\/\/kroll-languages.de\/en\/wp-json\/wp\/v2\/pages"}],"about":[{"href":"https:\/\/kroll-languages.de\/en\/wp-json\/wp\/v2\/types\/page"}],"author":[{"embeddable":true,"href":"https:\/\/kroll-languages.de\/en\/wp-json\/wp\/v2\/users\/1"}],"replies":[{"embeddable":true,"href":"https:\/\/kroll-languages.de\/en\/wp-json\/wp\/v2\/comments?post=2169"}],"version-history":[{"count":0,"href":"https:\/\/kroll-languages.de\/en\/wp-json\/wp\/v2\/pages\/2169\/revisions"}],"wp:attachment":[{"href":"https:\/\/kroll-languages.de\/en\/wp-json\/wp\/v2\/media?parent=2169"}],"curies":[{"name":"wp","href":"https:\/\/api.w.org\/{rel}","templated":true}]}}